{"id":1854,"date":"2014-02-13T20:33:05","date_gmt":"2014-02-13T20:33:05","guid":{"rendered":"http:\/\/sciences-unamur.be\/bio\/system-ecotox\/?page_id=1854"},"modified":"2014-02-25T09:29:19","modified_gmt":"2014-02-25T09:29:19","slug":"grants-and-funding","status":"publish","type":"page","link":"https:\/\/sciences-unamur.be\/bio\/system-ecotox\/resources-2\/grants-and-funding\/","title":{"rendered":"Grants and funding"},"content":{"rendered":"<p>[vc_row][vc_column width=&#8221;1\/1&#8243;][vc_column_text]<em>Here is a short list of fellowship\/scholarship\/research projects opportunities to come in Belgium or go abroad.<\/em><\/p>\n<p>&nbsp;<\/p>\n<p><strong>&#8211; FNRS<\/strong><\/p>\n<p><a href=\"http:\/\/www1.frs-fnrs.be\/fr\/financer-les-chercheurs\/appels-a-propositions.html\" target=\"_blank\"><strong> http:\/\/www1.frs-fnrs.be\/fr\/financer-les-chercheurs\/appels-a-propositions.html<\/strong><\/a><\/p>\n<p><strong>* traveling grants : 3 months before the departure (outside Europe), or 2 months before (inside Europe)<\/strong><br \/>\n<strong> * jobs in research : by late January for PhD, post-doc and permanent positions.<\/strong><br \/>\n<strong> * research projects : by early July (PDR, CDR, MIS)<\/strong><\/p>\n<p>&nbsp;<\/p>\n<p><strong>&#8211; FRIA<\/strong><\/p>\n<p><strong><a href=\"http:\/\/www1.frs-fnrs.be\/fr\/communiquer-en-transparence\/news\/1-fnrs\/931-appel-fria-2013.html\" target=\"_blank\">http:\/\/www1.frs-fnrs.be\/fr\/communiquer-en-transparence\/news\/1-fnrs\/931-appel-fria-2013.html<\/a><\/strong><\/p>\n<p>4 years grant to work on a PhD thesis (belgian and international students)<\/p>\n<p><strong>Deadline : early September<\/strong><\/p>\n<p><strong>\u00a0<\/strong><\/p>\n<p><strong>&#8211; Bourses de voyages de la F\u00e9d\u00e9ration Wallonie Bruxelles\u00a0<\/strong><\/p>\n<p>L\u2019appel 2014 pour les bourses de voyage de la F\u00e9d\u00e9ration Wallonie Bruxelles sera prochainement lanc\u00e9.<br \/>\nNous attendons la signature du Ministre mais sommes d\u00e9j\u00e0 en mesure de vous communiquer les dates importantes afin de postuler \u00e0 cet appel. Comme chaque ann\u00e9e, ces bourses de voyage permettront \u00e0 des doctorants, boursiers, assistants ou aspirants FNRS d\u2019effectuer, dans le cadre de leur doctorat, un s\u00e9jour de recherche \u00e0 l\u2019\u00e9tranger de 2 \u00e0 6 mois, \u00e0 r\u00e9aliser entre le 1er avril 2014 et le 30 septembre 2015. Les bourses contribuent \u00e0 la couverture de frais de voyage et de s\u00e9jour.<\/p>\n<p><strong>Deadline : 4th of November 2013<\/strong><\/p>\n<p>&nbsp;<\/p>\n<p>&#8211; <strong>Human Frontiers Science Program : <a href=\"http:\/\/www.hfsp.org\/\" target=\"_blank\">http:\/\/www.hfsp.org\/<\/a><\/strong><\/p>\n<p>* Research program for youg teams<\/p>\n<p>HFSP supports international scientific collaborations. Research Grants are awarded for innovative research projects involving extensive collaboration among teams of independent scientists working in different countries and in different disciplines.<br \/>\nTwo types of grants are available: Young Investigator Grants for teams where all members are within 5 years of starting their first independent position (and within 10 years of receiving a PhD) and Program Grants for teams of scientists at any stage of their careers.<br \/>\nApplicants must first submit a letter of intent via the HFSP extranet. More details are available in the guidelines.<br \/>\nThe 2014 competition (applications in March 2013 for awards to be announced in March 2014) is now restricted to the teams invited to submit a full application.<br \/>\nThe next call for letters of intent is expected to be announced in <strong>December 2013.<\/strong><\/p>\n<p>* post-doc<br \/>\nLong-Term Fellowships (LTF) are reserved for applicants with a Ph.D. in a biological discipline to embark on a new project in a different field of the life sciences. Preference is given to applicants who propose an original study in biology that marks a departure from their previous Ph.D. or postdoctoral work so as to learn new methods or change study system.<br \/>\n<strong>Deadline : August or september 2014<\/strong><\/p>\n<p>&nbsp;<\/p>\n<p><strong>&#8211; Fulbright<\/strong><\/p>\n<p>Dedicated to allow excellent researchers to study and\/or make experiments in the USA.<\/p>\n<p>* Post-doc : <a href=\"http:\/\/www.fulbright.be\/awards\/grants-for-belgian-citizens\/post-doctoral-research\/\" target=\"_blank\">http:\/\/www.fulbright.be\/awards\/grants-for-belgian-citizens\/post-doctoral-research\/ <\/a><br \/>\n* PhD or graduate : <a href=\"http:\/\/www.fulbright.be\/awards\/grants-for-belgian-citizens\/graduate-studies\/\" target=\"_blank\">http:\/\/www.fulbright.be\/awards\/grants-for-belgian-citizens\/graduate-studies\/ <\/a><\/p>\n<p><strong>Deadline : 1st of February 2014<\/strong><\/p>\n<p>&nbsp;<\/p>\n<p>&#8211; <strong>BAEF<\/strong><\/p>\n<p>For research in the USA (one year).<\/p>\n<p><a href=\"http:\/\/www.baef.be\/documents\/fellowships-for-belgian-citizens\/research-fellowship-in-the-usa.xml?lang=en\" target=\"_blank\">http:\/\/www.baef.be\/documents\/fellowships-for-belgian-citizens\/research-fellowship-in-the-usa.xml?lang=en<\/a><\/p>\n<p><strong>Doctoral\u00a0 or post-doc deadlines : 31st of October 2014<\/strong><\/p>\n<p>&nbsp;<\/p>\n<p><strong>&#8211; Marie Curie Actions fellowships for researchers<\/strong><\/p>\n<p><a href=\"http:\/\/ec.europa.eu\/research\/mariecurieactions\/about-mca\/actions\/index_en.htm\" target=\"_blank\">http:\/\/ec.europa.eu\/research\/mariecurieactions\/about-mca\/actions\/index_en.htm<\/a><\/p>\n<p><strong>Post-doc outside Europe : mid August<\/strong><br \/>\n<strong> IRSES : mid-January<\/strong><\/p>\n<p>* Initial Training Networks (ITN)\u00a0 \u2013 an action providing training opportunities for Early Stage Researchers usually provided by a network of universities, businesses and research institutes;<br \/>\n* Intra-European Fellowships for Career Development (IEF)\u00a0 \u2013 an individual grant allowing an Experienced Researcher to move within Europe to pursue his\/her research project;<br \/>\n* Career Integration Grants (CIG)\u00a0 \u2013 a lump sum to encourage Experienced Researchers to settle\/return in Europe;<br \/>\n* Co-funding of Regional, National, and International Programmes (COFUND)\u00a0 \u2013 a co-funding mechanism providing an-extra financial support to national, regional research mobility programmes;<br \/>\n* Industry Academia Partnerships and Pathways (IAPP)\u00a0 \u2013 an action promoting partnership and collaboration between business and academia. Early Stage Researchers, Experienced Researchers, or technical research staff can participate;<br \/>\n* International Outgoing Fellowships (IOF)\u00a0 \u2013 an individual grant for Experienced Researchers willing to receive a research training in a host institution in a third country (outside Europe);<br \/>\n* International Incoming Fellowships (IIF)\u00a0 \u2013 an individual grant for Experienced Researchers based in third countries (non-Europeans) willing to receive a research training in a host institution based in Europe;<br \/>\n* International Research Staff Exchange Scheme (IRSES)\u00a0 \u2013 a staff exchange scheme fostering collaboration between research institutions based in Europe and in Third countries.<\/p>\n<p>&nbsp;<\/p>\n<p><strong>&#8211; European Research Council ERC<\/strong><\/p>\n<p><a href=\"http:\/\/erc.europa.eu\/funding-schemes\" target=\"_blank\">http:\/\/erc.europa.eu\/funding-schemes<\/a><\/p>\n<p>&nbsp;<\/p>\n<p><strong>&#8211; CNRS (France)<\/strong><\/p>\n<p><a href=\"http:\/\/www.dgdr.cnrs.fr\/drhchercheurs\/concoursch\/default-en.htm\" target=\"_blank\">http:\/\/www.dgdr.cnrs.fr\/drhchercheurs\/concoursch\/default-en.htm<\/a><\/p>\n<p><strong>Post-doc and permanent position applications by early January<\/strong><\/p>\n<p>&nbsp;<\/p>\n<p><strong>&#8211; Agence Nationale de la Recherche ANR (France)<\/strong><\/p>\n<p><a href=\"http:\/\/www.agence-nationale-recherche.fr\/\" target=\"_blank\">http:\/\/www.agence-nationale-recherche.fr\/<\/a><br \/>\n<strong>by the end of October<\/strong><\/p>\n<p>&nbsp;<\/p>\n<p><strong>&#8211; Actions de Recherche Concert\u00e9es ARC (UNamur)<\/strong><\/p>\n<p><a href=\"http:\/\/www.unamur.be\/recherche\/services\/financement\/ARC-FSR\/ARC\" target=\"_blank\">http:\/\/www.unamur.be\/recherche\/services\/financement\/ARC-FSR\/ARC<\/a><br \/>\n<strong>by mid-September<\/strong><\/p>\n<p>&nbsp;<\/p>\n<p><strong>&#8211; Fonds Sp\u00e9cial de Recherche FSR (UNamur)<\/strong><\/p>\n<p><a href=\"http:\/\/www.unamur.be\/recherche\/services\/financement\/ARC-FSR\" target=\"_blank\">http:\/\/www.unamur.be\/recherche\/services\/financement\/ARC-FSR<\/a><br \/>\n<strong>ingoing post-doc and research projects : by early October<\/strong><\/p>\n<p>&nbsp;<\/p>\n<p><strong>&#8211; CERUNA grants post-doc (UNamur)<\/strong><\/p>\n<p>For international researchers<\/p>\n<p>&nbsp;<\/p>\n<p><strong>&#8211; CERUNA grants PhD (UNamur)<\/strong><\/p>\n<p>For international students who want to start a PhD in UNamur<\/p>\n<p><strong>Deadline : April<\/strong><\/p>\n<p>&nbsp;<\/p>\n<p><strong>&#8211; Chaire Francqui (belgian post-doc researchers)<\/strong><\/p>\n<p>To work 6 months in a flemish institution (for french-speaking) or a walloon institution (for flemish)<\/p>\n<p>&nbsp;<\/p>\n<p><strong>&#8211; Fonds Adrien Bauchau (UNamur)<\/strong><\/p>\n<p><a href=\"http:\/\/adrienbauchau.be\/\" target=\"_blank\">http:\/\/adrienbauchau.be\/<\/a><\/p>\n<p><strong>* Prix du meilleur m\u00e9moire : pour fin octobre<\/strong><br \/>\n<strong> * Bourse de voyage pour un congr\u00e8s : pour janvier<\/strong><\/p>\n<p>&nbsp;<\/p>\n<p><strong>&#8211; Belspo \u2013 BRAIN-be (Belgian federal government)<\/strong><\/p>\n<p><a href=\"http:\/\/www.belspo.be\/belspo\/organisation\/call_fr.stm\" target=\"_blank\">\u00a0http:\/\/www.belspo.be\/belspo\/organisation\/call_fr.stm<\/a><\/p>\n<p>&nbsp;<\/p>\n<p><strong>&#8211; Belspo \u2013 incoming grants for belgian or international researchers<\/strong><\/p>\n<p><a href=\"http:\/\/www.belspo.be\/belspo\/organisation\/call_grants_fr.stm\" target=\"_blank\">http:\/\/www.belspo.be\/belspo\/organisation\/call_grants_fr.stm<\/a><\/p>\n<p><strong>Deadline : 28th of February (belgian) and 15yj of March (international)<br \/>\n<\/strong><\/p>\n<p>&nbsp;<\/p>\n<p><strong>&#8211; National Institute of Health NIH (USA)<br \/>\n<\/strong><\/p>\n<p><a href=\"http:\/\/grants.nih.gov\/grants\/funding\/funding_program.htm\" target=\"_blank\">http:\/\/grants.nih.gov\/grants\/funding\/funding_program.htm<\/a><\/p>\n<p>&nbsp;<\/p>\n<p><strong>&#8211; National Science Foundation NSF (USA)<br \/>\n<\/strong><\/p>\n<p><a href=\"http:\/\/www.nsf.gov\" target=\"_blank\">http:\/\/www.nsf.gov<\/a><\/p>\n<p>[\/vc_column_text][\/vc_column][\/vc_row]<\/p>\n<div style=\"margin: 20px 0;\"><div class=\"qrcswholewtapper\" style=\"text-align:center;\"><div class=\"qrcprowrapper\"  id=\"qrcwraa2leds\"><div class=\"qrc_canvass\" id=\"qrc_cuttenpages_2\" style=\"display:inline-block\" data-text=\"https:\/\/sciences-unamur.be\/bio\/system-ecotox\/resources-2\/grants-and-funding\/\"><\/div><div><a download=\"Grants and funding.png\" class=\"qrcdownloads\" id=\"worign\">\r\n           <button type=\"button\" style=\"min-width:150px;background:#44d813;color:#000;font-weight: 600;border: 1px solid #44d813;border-radius:20px;font-size:12px;padding: 6px 0;\" class=\"uqr_code_btn\">Download QR<\/button>\r\n           <\/a><\/div><\/div><\/div><\/div>","protected":false},"excerpt":{"rendered":"<p>[vc_row][vc_column width=&#8221;1\/1&#8243;][vc_column_text]Here is a short list of fellowship\/scholarship\/research projects opportunities to come in Belgium or go abroad. &nbsp; &#8211; FNRS http:\/\/www1.frs-fnrs.be\/fr\/financer-les-chercheurs\/appels-a-propositions.html * traveling grants : 3 months before the departure (outside Europe), or 2 months before (inside Europe) * jobs in research : by late January for PhD, post-doc and permanent positions. * research projects&#8230;<\/p>\n","protected":false},"author":1,"featured_media":0,"parent":1871,"menu_order":0,"comment_status":"closed","ping_status":"closed","template":"template-fullwidth.php","meta":{"_monsterinsights_skip_tracking":false,"_monsterinsights_sitenote_active":false,"_monsterinsights_sitenote_note":"","_monsterinsights_sitenote_category":0,"footnotes":""},"class_list":["post-1854","page","type-page","status-publish","hentry"],"_links":{"self":[{"href":"https:\/\/sciences-unamur.be\/bio\/system-ecotox\/wp-json\/wp\/v2\/pages\/1854","targetHints":{"allow":["GET"]}}],"collection":[{"href":"https:\/\/sciences-unamur.be\/bio\/system-ecotox\/wp-json\/wp\/v2\/pages"}],"about":[{"href":"https:\/\/sciences-unamur.be\/bio\/system-ecotox\/wp-json\/wp\/v2\/types\/page"}],"author":[{"embeddable":true,"href":"https:\/\/sciences-unamur.be\/bio\/system-ecotox\/wp-json\/wp\/v2\/users\/1"}],"replies":[{"embeddable":true,"href":"https:\/\/sciences-unamur.be\/bio\/system-ecotox\/wp-json\/wp\/v2\/comments?post=1854"}],"version-history":[{"count":5,"href":"https:\/\/sciences-unamur.be\/bio\/system-ecotox\/wp-json\/wp\/v2\/pages\/1854\/revisions"}],"predecessor-version":[{"id":1894,"href":"https:\/\/sciences-unamur.be\/bio\/system-ecotox\/wp-json\/wp\/v2\/pages\/1854\/revisions\/1894"}],"up":[{"embeddable":true,"href":"https:\/\/sciences-unamur.be\/bio\/system-ecotox\/wp-json\/wp\/v2\/pages\/1871"}],"wp:attachment":[{"href":"https:\/\/sciences-unamur.be\/bio\/system-ecotox\/wp-json\/wp\/v2\/media?parent=1854"}],"curies":[{"name":"wp","href":"https:\/\/api.w.org\/{rel}","templated":true}]}}