{"id":2147,"date":"2014-02-19T10:42:00","date_gmt":"2014-02-19T10:42:00","guid":{"rendered":"http:\/\/sciences-unamur.be\/bio\/system-ecotox\/?page_id=2147"},"modified":"2014-02-25T09:30:34","modified_gmt":"2014-02-25T09:30:34","slug":"le-killifish-des-mangroves","status":"publish","type":"page","link":"https:\/\/sciences-unamur.be\/bio\/system-ecotox\/research-projects\/epigenetics-and-phenotypic-plasticity-in-the-mangrove-rivulus\/le-killifish-des-mangroves\/","title":{"rendered":"Le killifish des mangroves"},"content":{"rendered":"<p><strong>Le killifish des mangroves : une nouvelle esp\u00e8ce aux caract\u00e9ristiques hors normes \u00e9tudi\u00e9e au laboratoire de Physiologie Adaptative et Evolutive (URBE).<\/strong><br \/>\nLorsqu&#8217;on parle d&#8217;\u00e9volution des esp\u00e8ces, on pense prioritairement au m\u00e9canisme de la s\u00e9lection naturelle, ch\u00e8re \u00e0 Darwin, qui permet \u00e0 une population d&#8217;individus d&#8217;\u00eatre la mieux adapt\u00e9e \u00e0 un environnement particulier. Toutefois, nous savons aujourd&#8217;hui que ce m\u00e9canisme n&#8217;est pas le seul existant et qu&#8217;il existe en parall\u00e8le une \u00e9volution dite &#8220;non-g\u00e9n\u00e9tique&#8221;, ou plus exactement &#8220;\u00e9pig\u00e9n\u00e9tique&#8221;. L&#8217;\u00e9pig\u00e9n\u00e9tique comprend les m\u00e9canismes r\u00e9gulant l&#8217;expression des g\u00e8nes et, in fine, l&#8217;expression des traits morphologiques, physiologiques et comportementaux d&#8217;un individu, soit ce que l&#8217;on nomme le ph\u00e9notype. Afin de comprendre ces m\u00e9canismes \u00e9volutifs, le FNRS a accord\u00e9 un financement de quatre ans au laboratoire de Physiologie Adaptative et Evolutive du professeur Fr\u00e9d\u00e9ric Silvestre (URBE). Ce projet est le premier \u00e0 s&#8217;int\u00e9resser \u00e0 ces m\u00e9canismes \u00e9pig\u00e9n\u00e9tiques chez une esp\u00e8ce de poisson tout \u00e0 fait hors norme, le killifish des mangroves (<em>Kryptolebias marmoratus<\/em>). Cette esp\u00e8ce vit le long des c\u00f4tes de Floride, des Cara\u00efbes, jusqu&#8217;en Am\u00e9rique latine (B\u00e9lize, Guyane fran\u00e7aise, Br\u00e9sil) dans des marais d&#8217;eau sal\u00e9e associ\u00e9s aux pal\u00e9tuviers rouges. Ce killifish, qui mesure au maximum 5 cm, pr\u00e9sente des capacit\u00e9s d&#8217;adaptation extraordinaires. En plus de survivre \u00e0 de fortes variations de temp\u00e9rature, de salinit\u00e9 ou de pH, il peut sortir de l&#8217;eau et vivre pendant plusieurs semaines \u00e0 l&#8217;air libre, respirant alors uniquement \u00e0 travers la peau. Cela am\u00e8ne certains \u00e0 le qualifier de &#8220;poisson qui grimpe aux arbres&#8221; ! De plus, son mode de reproduction est tout \u00e0 fait particulier puisqu&#8217;il n&#8217;existe aucune femelle ! On ne rencontre que des m\u00e2les ou des individus hermaphrodites. Ces derniers sont capables de se reproduire seuls par autof\u00e9condation, fait exceptionnel chez un vert\u00e9br\u00e9. Il existe ainsi dans les mangroves, des populations de killifish qui sont constitu\u00e9es de clones, pour lesquels il n&#8217;existe aucune diversit\u00e9 g\u00e9n\u00e9tique. La question fondamentale de ce projet est d\u00e8s lors de comprendre comment des m\u00e9canismes \u00e9pig\u00e9n\u00e9tiques peuvent palier \u00e0 ce manque de diversit\u00e9 g\u00e9n\u00e9tique afin d&#8217;expliquer l&#8217;extraordinaire facult\u00e9 d&#8217;adaptation de cette esp\u00e8ce et de comprendre les m\u00e9canismes \u00e9volutifs sous-jacents. Afin d&#8217;atteindre ces objectifs, plusieurs analyses de pointes seront r\u00e9alis\u00e9es en partenariat avec des laboratoires am\u00e9ricains \u00e0 l&#8217;Universit\u00e9 de Californie Davis (Prof. K\u00fceltz et Prof. Whitehead) ainsi qu&#8217;\u00e0 l&#8217;Universit\u00e9 d&#8217;Alabama (Prof. Earley). Ce projet int\u00e9grera du s\u00e9quen\u00e7age \u00e0 haut d\u00e9bit, des analyses prot\u00e9omiques quantitatives, des analyses physiologiques et comportementales, des analyses \u00e9cotoxicologiques, ainsi que des pr\u00e9l\u00e8vements dans les mangroves afin de d\u00e9velopper un nouveau concept : l&#8217;\u00e9pig\u00e9n\u00e9tique des populations.<\/p>\n<div style=\"margin: 20px 0;\"><div class=\"qrcswholewtapper\" style=\"text-align:center;\"><div class=\"qrcprowrapper\"  id=\"qrcwraa2leds\"><div class=\"qrc_canvass\" id=\"qrc_cuttenpages_2\" style=\"display:inline-block\" data-text=\"https:\/\/sciences-unamur.be\/bio\/system-ecotox\/research-projects\/epigenetics-and-phenotypic-plasticity-in-the-mangrove-rivulus\/le-killifish-des-mangroves\/\"><\/div><div><a download=\"Le killifish des mangroves.png\" class=\"qrcdownloads\" id=\"worign\">\r\n           <button type=\"button\" style=\"min-width:150px;background:#44d813;color:#000;font-weight: 600;border: 1px solid #44d813;border-radius:20px;font-size:12px;padding: 6px 0;\" class=\"uqr_code_btn\">Download QR<\/button>\r\n           <\/a><\/div><\/div><\/div><\/div>","protected":false},"excerpt":{"rendered":"<p>Le killifish des mangroves : une nouvelle esp\u00e8ce aux caract\u00e9ristiques hors normes \u00e9tudi\u00e9e au laboratoire de Physiologie Adaptative et Evolutive (URBE). Lorsqu&#8217;on parle d&#8217;\u00e9volution des esp\u00e8ces, on pense prioritairement au m\u00e9canisme de la s\u00e9lection naturelle, ch\u00e8re \u00e0 Darwin, qui permet \u00e0 une population d&#8217;individus d&#8217;\u00eatre la mieux adapt\u00e9e \u00e0 un environnement particulier. Toutefois, nous savons&#8230;<\/p>\n","protected":false},"author":1,"featured_media":0,"parent":1833,"menu_order":0,"comment_status":"closed","ping_status":"closed","template":"template-fullwidth.php","meta":{"_monsterinsights_skip_tracking":false,"_monsterinsights_sitenote_active":false,"_monsterinsights_sitenote_note":"","_monsterinsights_sitenote_category":0,"footnotes":""},"class_list":["post-2147","page","type-page","status-publish","hentry"],"_links":{"self":[{"href":"https:\/\/sciences-unamur.be\/bio\/system-ecotox\/wp-json\/wp\/v2\/pages\/2147","targetHints":{"allow":["GET"]}}],"collection":[{"href":"https:\/\/sciences-unamur.be\/bio\/system-ecotox\/wp-json\/wp\/v2\/pages"}],"about":[{"href":"https:\/\/sciences-unamur.be\/bio\/system-ecotox\/wp-json\/wp\/v2\/types\/page"}],"author":[{"embeddable":true,"href":"https:\/\/sciences-unamur.be\/bio\/system-ecotox\/wp-json\/wp\/v2\/users\/1"}],"replies":[{"embeddable":true,"href":"https:\/\/sciences-unamur.be\/bio\/system-ecotox\/wp-json\/wp\/v2\/comments?post=2147"}],"version-history":[{"count":1,"href":"https:\/\/sciences-unamur.be\/bio\/system-ecotox\/wp-json\/wp\/v2\/pages\/2147\/revisions"}],"predecessor-version":[{"id":2149,"href":"https:\/\/sciences-unamur.be\/bio\/system-ecotox\/wp-json\/wp\/v2\/pages\/2147\/revisions\/2149"}],"up":[{"embeddable":true,"href":"https:\/\/sciences-unamur.be\/bio\/system-ecotox\/wp-json\/wp\/v2\/pages\/1833"}],"wp:attachment":[{"href":"https:\/\/sciences-unamur.be\/bio\/system-ecotox\/wp-json\/wp\/v2\/media?parent=2147"}],"curies":[{"name":"wp","href":"https:\/\/api.w.org\/{rel}","templated":true}]}}